{"id":45,"date":"2017-10-10T08:47:42","date_gmt":"2017-10-10T08:47:42","guid":{"rendered":"https:\/\/www.celtikkavuzcusu.com\/?page_id=45"},"modified":"2020-05-06T18:54:52","modified_gmt":"2020-05-06T15:54:52","slug":"nakliye","status":"publish","type":"page","link":"https:\/\/www.celtikkavuzcusu.com\/index.php\/nakliye\/","title":{"rendered":"Nakliye"},"content":{"rendered":"<p>[vc_row][vc_column][vc_column_text]<\/p>\n<h5>B\u00f6lgeler<\/h5>\n<p>Son kullan\u0131c\u0131ya en iyi hizmeti vermek amac\u0131yla sevkiyatlar\u0131m\u0131z kendi ara\u00e7lar\u0131m\u0131zla yap\u0131lmaktad\u0131r. Lojistik hizmet verebildi\u011fimiz b\u00f6lgeler; \u0130stanbul, \u0130zmit, Sakarya, D\u00fczce, Bolu, Zonguldak, Karab\u00fck, Bursa, Bilecik, K\u00fctahya, Eski\u015fehir, Ankara ve civar\u0131 di\u011fer \u015fehirlerdir.<img loading=\"lazy\" class=\"alignnone size-full wp-image-1117\" src=\"https:\/\/www.celtikkavuzcusu.com\/wp-content\/uploads\/2020\/04\/birol-lojistik-logo.png\" alt=\"\" width=\"466\" height=\"234\" srcset=\"https:\/\/www.celtikkavuzcusu.com\/wp-content\/uploads\/2020\/04\/birol-lojistik-logo.png 466w, https:\/\/www.celtikkavuzcusu.com\/wp-content\/uploads\/2020\/04\/birol-lojistik-logo-300x151.png 300w, https:\/\/www.celtikkavuzcusu.com\/wp-content\/uploads\/2020\/04\/birol-lojistik-logo-370x186.png 370w\" sizes=\"(max-width: 466px) 100vw, 466px\" \/><\/p>\n<blockquote><p><img loading=\"lazy\" class=\"alignnone size-full wp-image-1135\" src=\"https:\/\/www.celtikkavuzcusu.com\/wp-content\/uploads\/2020\/05\/lojistikbirol_049203160_3539.jpg\" alt=\"\" width=\"1047\" height=\"790\" srcset=\"https:\/\/www.celtikkavuzcusu.com\/wp-content\/uploads\/2020\/05\/lojistikbirol_049203160_3539.jpg 1047w, https:\/\/www.celtikkavuzcusu.com\/wp-content\/uploads\/2020\/05\/lojistikbirol_049203160_3539-300x226.jpg 300w, https:\/\/www.celtikkavuzcusu.com\/wp-content\/uploads\/2020\/05\/lojistikbirol_049203160_3539-1024x773.jpg 1024w, https:\/\/www.celtikkavuzcusu.com\/wp-content\/uploads\/2020\/05\/lojistikbirol_049203160_3539-768x579.jpg 768w, https:\/\/www.celtikkavuzcusu.com\/wp-content\/uploads\/2020\/05\/lojistikbirol_049203160_3539-370x279.jpg 370w, https:\/\/www.celtikkavuzcusu.com\/wp-content\/uploads\/2020\/05\/lojistikbirol_049203160_3539-760x573.jpg 760w, https:\/\/www.celtikkavuzcusu.com\/wp-content\/uploads\/2020\/05\/lojistikbirol_049203160_3539-740x558.jpg 740w\" sizes=\"(max-width: 1047px) 100vw, 1047px\" \/>EN IYI HIZMET GARANTISI<br \/>\n<cite><br \/>\n<\/cite><\/p><\/blockquote>\n<p>[\/vc_column_text][\/vc_column][\/vc_row]<\/p>\n","protected":false},"excerpt":{"rendered":"<p>[vc_row][vc_column][vc_column_text] B\u00f6lgeler Son kullan\u0131c\u0131ya en iyi hizmeti vermek amac\u0131yla sevkiyatlar\u0131m\u0131z kendi ara\u00e7lar\u0131m\u0131zla yap\u0131lmaktad\u0131r. Lojistik hizmet verebildi\u011fimiz b\u00f6lgeler; \u0130stanbul, \u0130zmit, Sakarya, D\u00fczce, Bolu, Zonguldak, Karab\u00fck, Bursa, Bilecik, K\u00fctahya, Eski\u015fehir, Ankara ve&hellip;<\/p>\n","protected":false},"author":1,"featured_media":0,"parent":0,"menu_order":0,"comment_status":"closed","ping_status":"closed","template":"","meta":[],"_links":{"self":[{"href":"https:\/\/www.celtikkavuzcusu.com\/index.php\/wp-json\/wp\/v2\/pages\/45"}],"collection":[{"href":"https:\/\/www.celtikkavuzcusu.com\/index.php\/wp-json\/wp\/v2\/pages"}],"about":[{"href":"https:\/\/www.celtikkavuzcusu.com\/index.php\/wp-json\/wp\/v2\/types\/page"}],"author":[{"embeddable":true,"href":"https:\/\/www.celtikkavuzcusu.com\/index.php\/wp-json\/wp\/v2\/users\/1"}],"replies":[{"embeddable":true,"href":"https:\/\/www.celtikkavuzcusu.com\/index.php\/wp-json\/wp\/v2\/comments?post=45"}],"version-history":[{"count":5,"href":"https:\/\/www.celtikkavuzcusu.com\/index.php\/wp-json\/wp\/v2\/pages\/45\/revisions"}],"predecessor-version":[{"id":1119,"href":"https:\/\/www.celtikkavuzcusu.com\/index.php\/wp-json\/wp\/v2\/pages\/45\/revisions\/1119"}],"wp:attachment":[{"href":"https:\/\/www.celtikkavuzcusu.com\/index.php\/wp-json\/wp\/v2\/media?parent=45"}],"curies":[{"name":"wp","href":"https:\/\/api.w.org\/{rel}","templated":true}]}}