{"id":42,"date":"2017-10-10T08:47:08","date_gmt":"2017-10-10T08:47:08","guid":{"rendered":"https:\/\/www.celtikkavuzcusu.com\/?page_id=42"},"modified":"2020-04-24T20:45:19","modified_gmt":"2020-04-24T17:45:19","slug":"celtik-kabugu","status":"publish","type":"page","link":"https:\/\/www.celtikkavuzcusu.com\/index.php\/celtik-kabugu\/","title":{"rendered":"\u00c7eltik Kabu\u011fu"},"content":{"rendered":"<p>[vc_row][vc_column][vc_column_text]<\/p>\n<h5>\u00c7eltik Kavuzu<\/h5>\n<p>\u00dclkemiz genelinde etlik pili\u00e7 \u00fcretiminde altl\u0131k olarak tala\u015f ve \u00e7eltik kavuzu gibi yan \u00fcr\u00fcnler kullan\u0131lmaktad\u0131r. Genellikle etlik pili\u00e7 yeti\u015ftiricili\u011fi yap\u0131lan b\u00f6lgelerde en kolay ve ucuza temin edilebilen yan \u00fcr\u00fcnler altl\u0131k olarak de\u011ferlendirilmektedir. Kullan\u0131lan altl\u0131\u011f\u0131n nem tutma \u00f6zelli\u011fi ve pH d\u00fczeyine ba\u011fl\u0131 olarak altl\u0131k materyalinin etlik pili\u00e7 performans\u0131n\u0131, karkas \u00f6zelliklerini ve k\u00fcmes i\u00e7i \u00e7evre ko\u015fullar\u0131n\u0131 etkilemektedir. Yap\u0131lan bilimsel ara\u015ft\u0131rmalar \u00e7eltik kavuzunun ideal bir altl\u0131k oldu\u011funu vurgulamaktad\u0131r.<img loading=\"lazy\" class=\"size-full wp-image-1088 alignleft\" src=\"https:\/\/www.celtikkavuzcusu.com\/wp-content\/uploads\/2020\/04\/tavuk-altl\u0131\u011f\u0131-celtik-kavuzu.jpg\" alt=\"\" width=\"631\" height=\"335\" srcset=\"https:\/\/www.celtikkavuzcusu.com\/wp-content\/uploads\/2020\/04\/tavuk-altl\u0131\u011f\u0131-celtik-kavuzu.jpg 631w, https:\/\/www.celtikkavuzcusu.com\/wp-content\/uploads\/2020\/04\/tavuk-altl\u0131\u011f\u0131-celtik-kavuzu-300x159.jpg 300w, https:\/\/www.celtikkavuzcusu.com\/wp-content\/uploads\/2020\/04\/tavuk-altl\u0131\u011f\u0131-celtik-kavuzu-370x196.jpg 370w\" sizes=\"(max-width: 631px) 100vw, 631px\" \/><\/p>\n<h5>\u00c7eltik Kabu\u011fu K\u00fcl\u00fc<\/h5>\n<p>Ayr\u0131ca Metalurji sekt\u00f6r\u00fcnde, demir \u00e7elik tesislerinde ve d\u00f6k\u00fcm fabrikalar\u0131nda so\u011futma i\u015flemlerinde kullan\u0131l\u0131r. \u00c7eltik kabu\u011funun yak\u0131lmas\u0131ndan d\u00fc\u015f\u00fck karbonlu ve y\u00fcksek silisyumlu k\u00fcl elde edilir. Bu s\u0131f\u0131r karbonlu<img loading=\"lazy\" class=\"wp-image-1093 size-medium alignleft\" src=\"https:\/\/www.celtikkavuzcusu.com\/wp-content\/uploads\/2020\/04\/a222-274x300.jpg\" alt=\"\" width=\"274\" height=\"300\" srcset=\"https:\/\/www.celtikkavuzcusu.com\/wp-content\/uploads\/2020\/04\/a222-274x300.jpg 274w, https:\/\/www.celtikkavuzcusu.com\/wp-content\/uploads\/2020\/04\/a222-370x405.jpg 370w, https:\/\/www.celtikkavuzcusu.com\/wp-content\/uploads\/2020\/04\/a222.jpg 561w\" sizes=\"(max-width: 274px) 100vw, 274px\" \/> k\u00fcl\u00fcn bu alanda kullan\u0131lmas\u0131yla s\u0131v\u0131 \u00e7eli\u011fin hava almadan kal\u0131plar\u0131na konularak \u00fcretimi ger\u00e7ekle\u015fmektedir.<\/p>\n<p>&nbsp;<\/p>\n<p>&nbsp;<\/p>\n<p>&nbsp;<\/p>\n<p>&nbsp;<\/p>\n<p>&nbsp;<\/p>\n<p>&nbsp;<\/p>\n<p>&nbsp;<\/p>\n<blockquote><p>EN IYI FIYAT GARANTISI<br \/>\n<cite><br \/>\n<\/cite><\/p><\/blockquote>\n<p>[\/vc_column_text][\/vc_column][\/vc_row]<\/p>\n","protected":false},"excerpt":{"rendered":"<p>[vc_row][vc_column][vc_column_text] \u00c7eltik Kavuzu \u00dclkemiz genelinde etlik pili\u00e7 \u00fcretiminde altl\u0131k olarak tala\u015f ve \u00e7eltik kavuzu gibi yan \u00fcr\u00fcnler kullan\u0131lmaktad\u0131r. Genellikle etlik pili\u00e7 yeti\u015ftiricili\u011fi yap\u0131lan b\u00f6lgelerde en kolay ve ucuza temin edilebilen&hellip;<\/p>\n","protected":false},"author":1,"featured_media":0,"parent":0,"menu_order":0,"comment_status":"closed","ping_status":"closed","template":"","meta":[],"_links":{"self":[{"href":"https:\/\/www.celtikkavuzcusu.com\/index.php\/wp-json\/wp\/v2\/pages\/42"}],"collection":[{"href":"https:\/\/www.celtikkavuzcusu.com\/index.php\/wp-json\/wp\/v2\/pages"}],"about":[{"href":"https:\/\/www.celtikkavuzcusu.com\/index.php\/wp-json\/wp\/v2\/types\/page"}],"author":[{"embeddable":true,"href":"https:\/\/www.celtikkavuzcusu.com\/index.php\/wp-json\/wp\/v2\/users\/1"}],"replies":[{"embeddable":true,"href":"https:\/\/www.celtikkavuzcusu.com\/index.php\/wp-json\/wp\/v2\/comments?post=42"}],"version-history":[{"count":4,"href":"https:\/\/www.celtikkavuzcusu.com\/index.php\/wp-json\/wp\/v2\/pages\/42\/revisions"}],"predecessor-version":[{"id":1126,"href":"https:\/\/www.celtikkavuzcusu.com\/index.php\/wp-json\/wp\/v2\/pages\/42\/revisions\/1126"}],"wp:attachment":[{"href":"https:\/\/www.celtikkavuzcusu.com\/index.php\/wp-json\/wp\/v2\/media?parent=42"}],"curies":[{"name":"wp","href":"https:\/\/api.w.org\/{rel}","templated":true}]}}