{"id":41,"date":"2017-10-10T08:47:03","date_gmt":"2017-10-10T08:47:03","guid":{"rendered":"https:\/\/www.celtikkavuzcusu.com\/?page_id=41"},"modified":"2020-05-06T19:07:35","modified_gmt":"2020-05-06T16:07:35","slug":"hakkimizda","status":"publish","type":"page","link":"https:\/\/www.celtikkavuzcusu.com\/index.php\/hakkimizda\/","title":{"rendered":"Hakk\u0131m\u0131zda"},"content":{"rendered":"<p>[vc_row][vc_column width=&#8221;1\/2&#8243; hide_bg_image_on_tablet=&#8221;&#8221; hide_bg_image_on_mobile=&#8221;&#8221; css=&#8221;.vc_custom_1516097456304{padding-right: 7rem !important;}&#8221;]<div id=\"sc_title_913496389\"\r\n\t\tclass=\"sc_title color_style_default sc_title_alter\"><h6 class=\"sc_item_subtitle sc_title_subtitle sc_align_center sc_item_title_style_alter\">Hakk\u0131m\u0131zda<\/h6><h3 class=\"sc_item_title sc_title_title sc_align_center sc_item_title_style_alter sc_item_title_tag\">Birol Tar\u0131m \u00dcr\u00fcnleri<\/h3><\/div><!-- \/.sc_title -->[vc_empty_space alter_height=&#8221;small&#8221; hide_on_desktop=&#8221;&#8221; hide_on_notebook=&#8221;&#8221; hide_on_tablet=&#8221;&#8221; hide_on_mobile=&#8221;&#8221; css=&#8221;.vc_custom_1516097584109{margin-bottom: 1.7rem !important;}&#8221;][vc_column_text]<\/p>\n<p style=\"text-align: center;\">\u015eirketimiz faaliyetlerine 2012 y\u0131l\u0131nda \u0130stanbul&#8217;da kurulmu\u015ftur. Kurulu\u015f y\u0131llar\u0131nda sadece karadeniz b\u00f6lgesinden T\u00fcrkiye&#8217;nin muhtelif b\u00f6lgelerine \u00e7eltik kabu\u011fu sat\u0131\u015f\u0131 yaparak ba\u015flam\u0131\u015ft\u0131r. \u0130lerleyen y\u0131llarda \u00e7eltik kabu\u011funu Trakya B\u00f6lgesi ve Mersin B\u00f6lgesinden de temin ederek lojistik ve ticaret a\u011f\u0131n\u0131 geni\u015fletmi\u015ftir. 2018 y\u0131l\u0131nda pirin\u00e7 al\u0131m sat\u0131m\u0131 yapmaya ba\u015flayarak kuru g\u0131da ticaretine ilk ad\u0131mlar at\u0131lm\u0131\u015ft\u0131r. 2019 y\u0131l\u0131nda yurtd\u0131\u015f\u0131ndan T\u00fcrkiye&#8217;ye beyaz nohut getirilerek ticaretini yapt\u0131\u011f\u0131m\u0131z kuru g\u0131dalara beyaz nohutta eklenmi\u015ftir. Kuru g\u0131da ticareti ve lojistik sekt\u00f6r\u00fcnde faaliyetlerimiz devam etmektedir. \u00d6zellikle tavuk\u00e7uluk sekt\u00f6r\u00fcnde k\u00fcmeslerde altl\u0131k olarak ve demir \u00e7elik sekt\u00f6r\u00fcnde so\u011futma i\u015flemlerinde kullan\u0131lan \u00e7eltik kabu\u011fu ticaretimizi geni\u015f kitlelere ula\u015ft\u0131rmak amac\u0131yla ara\u00e7 filomuz 2017 y\u0131l\u0131nda geni\u015fletilmi\u015ftir. Son kullan\u0131c\u0131ya en iyi hizmeti vermek amac\u0131yla sevkiyatlar\u0131m\u0131z kendi ara\u00e7lar\u0131m\u0131zla yap\u0131lmaktad\u0131r.<\/p>\n<p>&nbsp;<\/p>\n<p><img loading=\"lazy\" class=\"alignnone size-full wp-image-1137\" src=\"https:\/\/www.celtikkavuzcusu.com\/wp-content\/uploads\/2020\/05\/tarihce2-min-2.png\" alt=\"\" width=\"1072\" height=\"809\" srcset=\"https:\/\/www.celtikkavuzcusu.com\/wp-content\/uploads\/2020\/05\/tarihce2-min-2.png 1072w, https:\/\/www.celtikkavuzcusu.com\/wp-content\/uploads\/2020\/05\/tarihce2-min-2-300x226.png 300w, https:\/\/www.celtikkavuzcusu.com\/wp-content\/uploads\/2020\/05\/tarihce2-min-2-1024x773.png 1024w, https:\/\/www.celtikkavuzcusu.com\/wp-content\/uploads\/2020\/05\/tarihce2-min-2-768x580.png 768w, https:\/\/www.celtikkavuzcusu.com\/wp-content\/uploads\/2020\/05\/tarihce2-min-2-370x279.png 370w, https:\/\/www.celtikkavuzcusu.com\/wp-content\/uploads\/2020\/05\/tarihce2-min-2-760x574.png 760w, https:\/\/www.celtikkavuzcusu.com\/wp-content\/uploads\/2020\/05\/tarihce2-min-2-740x558.png 740w\" sizes=\"(max-width: 1072px) 100vw, 1072px\" \/>[\/vc_column_text][vc_empty_space alter_height=&#8221;small&#8221; hide_on_desktop=&#8221;&#8221; hide_on_notebook=&#8221;&#8221; hide_on_tablet=&#8221;&#8221; hide_on_mobile=&#8221;&#8221; css=&#8221;.vc_custom_1516097589668{margin-bottom: 1.5rem !important;}&#8221;][\/vc_column][vc_column width=&#8221;1\/2&#8243;][vc_empty_space height=&#8221;0&#8243; alter_height=&#8221;none&#8221; hide_on_desktop=&#8221;&#8221; hide_on_notebook=&#8221;&#8221; hide_on_tablet=&#8221;&#8221; hide_on_mobile=&#8221;&#8221; css=&#8221;.vc_custom_1516096877619{margin-bottom: 0rem !important;}&#8221;][vc_single_image image=&#8221;1122&#8243; img_size=&#8221;631&#215;558&#8243;][\/vc_column][\/vc_row][vc_row full_width=&#8221;stretch_row&#8221; hide_bg_image_on_tablet=&#8221;&#8221; hide_bg_image_on_mobile=&#8221;&#8221; css=&#8221;.vc_custom_1516103097542{background-image: url(https:\/\/www.celtikkavuzcusu.com\/wp-content\/uploads\/2018\/01\/biege-bg.png?id=561) !important;background-position: top left !important;background-repeat: no-repeat !important;background-size: cover !important;}&#8221;][vc_column width=&#8221;1\/2&#8243; hide_bg_image_on_tablet=&#8221;&#8221; hide_bg_image_on_mobile=&#8221;&#8221; css=&#8221;.vc_custom_1569925668683{padding-right: 7.4rem !important;}&#8221; el_class=&#8221;bg-white&#8221;][vc_empty_space alter_height=&#8221;small&#8221; hide_on_desktop=&#8221;&#8221; hide_on_notebook=&#8221;&#8221; hide_on_tablet=&#8221;&#8221; hide_on_mobile=&#8221;&#8221;]<div role=\"form\" class=\"wpcf7\" id=\"wpcf7-f5-o1\" lang=\"en-US\" dir=\"ltr\">\n<div class=\"screen-reader-response\"><p role=\"status\" aria-live=\"polite\" aria-atomic=\"true\"><\/p> <ul><\/ul><\/div>\n<form action=\"\/index.php\/wp-json\/wp\/v2\/pages\/41#wpcf7-f5-o1\" method=\"post\" class=\"wpcf7-form init\" novalidate=\"novalidate\" data-status=\"init\">\n<div style=\"display: none;\">\n<input type=\"hidden\" name=\"_wpcf7\" value=\"5\" \/>\n<input type=\"hidden\" name=\"_wpcf7_version\" value=\"5.4\" \/>\n<input type=\"hidden\" name=\"_wpcf7_locale\" value=\"en_US\" \/>\n<input type=\"hidden\" name=\"_wpcf7_unit_tag\" value=\"wpcf7-f5-o1\" \/>\n<input type=\"hidden\" name=\"_wpcf7_container_post\" value=\"0\" \/>\n<input type=\"hidden\" name=\"_wpcf7_posted_data_hash\" value=\"\" \/>\n<\/div>\n<p>TEKL\u0130F \u0130STEY\u0130N<\/p>\n<div class=\"sc_form_details trx_addons_columns_wrap\">\n<div class=\"trx_addons_column-1_2\"><label class=\"wpcf7-validates-as-required\"><span class=\"wpcf7-form-control-wrap your-name\"><input type=\"text\" name=\"your-name\" value=\"\" size=\"40\" class=\"wpcf7-form-control wpcf7-text wpcf7-validates-as-required\" aria-required=\"true\" aria-invalid=\"false\" placeholder=\"\u0130sminiz*\" \/><\/span><\/label><\/div>\n<div class=\"trx_addons_column-1_2\"><label class=\"wpcf7-validates-as-required\"><span class=\"wpcf7-form-control-wrap text-849\"><input type=\"text\" name=\"text-849\" value=\"\" size=\"40\" class=\"wpcf7-form-control wpcf7-text wpcf7-validates-as-required\" aria-required=\"true\" aria-invalid=\"false\" placeholder=\"Telefon*\" \/><\/span><\/label><\/div>\n<div class=\"trx_addons_column-1\"><span class=\"wpcf7-form-control-wrap your-message\"><textarea name=\"your-message\" cols=\"40\" rows=\"7\" class=\"wpcf7-form-control wpcf7-textarea\" aria-invalid=\"false\" placeholder=\"Mesaj\u0131n\u0131z\"><\/textarea><\/span><\/div>\n<\/div>\n<div class=\"form-submit\"><input type=\"submit\" value=\"G\u00d6NDER\" class=\"wpcf7-form-control wpcf7-submit sc_button sc_button_size_normal\" \/><\/div>\n<div class=\"wpcf7-response-output\" aria-hidden=\"true\"><\/div><\/form><\/div>[vc_empty_space height=&#8221;0&#8243; alter_height=&#8221;none&#8221; hide_on_desktop=&#8221;&#8221; hide_on_notebook=&#8221;&#8221; hide_on_tablet=&#8221;&#8221; hide_on_mobile=&#8221;&#8221; css=&#8221;.vc_custom_1516103407715{margin-bottom: 0rem !important;}&#8221;][\/vc_column][vc_column width=&#8221;1\/2&#8243;][vc_empty_space alter_height=&#8221;small&#8221; hide_on_desktop=&#8221;&#8221; hide_on_notebook=&#8221;&#8221; hide_on_tablet=&#8221;&#8221; hide_on_mobile=&#8221;&#8221;][vc_empty_space alter_height=&#8221;small&#8221; hide_on_desktop=&#8221;&#8221; hide_on_notebook=&#8221;&#8221; hide_on_tablet=&#8221;&#8221; hide_on_mobile=&#8221;&#8221;][vc_column_text el_class=&#8221;contacts&#8221;]<\/p>\n<h6>Birol Tar\u0131m \u00dcr\u00fcnleri<\/h6>\n<p>Tiryaki Hasan Pa\u015fa Cd. Valide Han Kat:3 Aksaray\/\u0130stanbul<\/p>\n<p>&nbsp;<\/p>\n<h6>Telefon<\/h6>\n<p><a href=\"tel:0 (212) 586 86 52\">0 (212) 586 86 52<\/a>[\/vc_column_text][\/vc_column][vc_column][vc_empty_space alter_height=&#8221;large&#8221; hide_on_desktop=&#8221;&#8221; hide_on_notebook=&#8221;&#8221; hide_on_tablet=&#8221;&#8221; hide_on_mobile=&#8221;&#8221; css=&#8221;.vc_custom_1516103696890{margin-bottom: 0.7rem !important;}&#8221;][\/vc_column][\/vc_row]<\/p>\n","protected":false},"excerpt":{"rendered":"<p>[vc_row][vc_column width=&#8221;1\/2&#8243; hide_bg_image_on_tablet=&#8221;&#8221; hide_bg_image_on_mobile=&#8221;&#8221; css=&#8221;.vc_custom_1516097456304{padding-right: 7rem !important;}&#8221;][vc_empty_space alter_height=&#8221;small&#8221; hide_on_desktop=&#8221;&#8221; hide_on_notebook=&#8221;&#8221; hide_on_tablet=&#8221;&#8221; hide_on_mobile=&#8221;&#8221; css=&#8221;.vc_custom_1516097584109{margin-bottom: 1.7rem !important;}&#8221;][vc_column_text] \u015eirketimiz faaliyetlerine 2012 y\u0131l\u0131nda \u0130stanbul&#8217;da kurulmu\u015ftur. Kurulu\u015f y\u0131llar\u0131nda sadece karadeniz b\u00f6lgesinden T\u00fcrkiye&#8217;nin muhtelif b\u00f6lgelerine \u00e7eltik&hellip;<\/p>\n","protected":false},"author":1,"featured_media":0,"parent":0,"menu_order":0,"comment_status":"closed","ping_status":"closed","template":"","meta":[],"_links":{"self":[{"href":"https:\/\/www.celtikkavuzcusu.com\/index.php\/wp-json\/wp\/v2\/pages\/41"}],"collection":[{"href":"https:\/\/www.celtikkavuzcusu.com\/index.php\/wp-json\/wp\/v2\/pages"}],"about":[{"href":"https:\/\/www.celtikkavuzcusu.com\/index.php\/wp-json\/wp\/v2\/types\/page"}],"author":[{"embeddable":true,"href":"https:\/\/www.celtikkavuzcusu.com\/index.php\/wp-json\/wp\/v2\/users\/1"}],"replies":[{"embeddable":true,"href":"https:\/\/www.celtikkavuzcusu.com\/index.php\/wp-json\/wp\/v2\/comments?post=41"}],"version-history":[{"count":5,"href":"https:\/\/www.celtikkavuzcusu.com\/index.php\/wp-json\/wp\/v2\/pages\/41\/revisions"}],"predecessor-version":[{"id":1121,"href":"https:\/\/www.celtikkavuzcusu.com\/index.php\/wp-json\/wp\/v2\/pages\/41\/revisions\/1121"}],"wp:attachment":[{"href":"https:\/\/www.celtikkavuzcusu.com\/index.php\/wp-json\/wp\/v2\/media?parent=41"}],"curies":[{"name":"wp","href":"https:\/\/api.w.org\/{rel}","templated":true}]}}