{"id":35,"date":"2017-10-10T08:45:43","date_gmt":"2017-10-10T08:45:43","guid":{"rendered":"https:\/\/www.celtikkavuzcusu.com\/?page_id=35"},"modified":"2021-04-12T13:09:14","modified_gmt":"2021-04-12T10:09:14","slug":"home-1","status":"publish","type":"page","link":"https:\/\/www.celtikkavuzcusu.com\/","title":{"rendered":"Home 1"},"content":{"rendered":"<p>[vc_row][vc_column][rev_slider alias=&#8221;slider-1&#8243;][\/vc_column][\/vc_row][vc_row full_width=&#8221;stretch_row&#8221; equal_height=&#8221;yes&#8221; content_placement=&#8221;middle&#8221; hide_bg_image_on_tablet=&#8221;&#8221; hide_bg_image_on_mobile=&#8221;&#8221; css=&#8221;.vc_custom_1516182222210{background-image: url(https:\/\/www.celtikkavuzcusu.com\/wp-content\/uploads\/2018\/01\/biege-bg.png?id=561) !important;background-position: top left !important;background-repeat: no-repeat !important;background-size: cover !important;}&#8221;][vc_column][vc_empty_space alter_height=&#8221;large&#8221; hide_on_desktop=&#8221;&#8221; hide_on_notebook=&#8221;&#8221; hide_on_tablet=&#8221;&#8221; hide_on_mobile=&#8221;&#8221;][\/vc_column][vc_column width=&#8221;1\/2&#8243; hide_bg_image_on_tablet=&#8221;&#8221; hide_bg_image_on_mobile=&#8221;&#8221; css=&#8221;.vc_custom_1516179447711{padding-right: 7rem !important;}&#8221;][vc_empty_space height=&#8221;0&#8243; alter_height=&#8221;none&#8221; hide_on_desktop=&#8221;&#8221; hide_on_notebook=&#8221;&#8221; hide_on_tablet=&#8221;&#8221; hide_on_mobile=&#8221;&#8221; css=&#8221;.vc_custom_1516182273203{margin-top: -1rem !important;}&#8221;]<div id=\"sc_title_1358778538\"\r\n\t\tclass=\"sc_title color_style_default sc_title_alter\"><h6 class=\"sc_item_subtitle sc_title_subtitle sc_align_center sc_item_title_style_alter\">\u00c7eltik Kavuzu Nedir?<\/h6><h3 class=\"sc_item_title sc_title_title sc_align_center sc_item_title_style_alter sc_item_title_tag\">Y\u00fcksek Kaliteli <br> Organik \u00dcr\u00fcnler<\/h3><\/div><!-- \/.sc_title -->[vc_empty_space alter_height=&#8221;medium&#8221; hide_on_desktop=&#8221;&#8221; hide_on_notebook=&#8221;&#8221; hide_on_tablet=&#8221;&#8221; hide_on_mobile=&#8221;&#8221;][vc_column_text]<\/p>\n<p style=\"text-align: center;\">\u00c7eltik Kavuzu, yemeklerde kulland\u0131\u011f\u0131m\u0131z pirin\u00e7in kabu\u011fudur.<br \/>\n\u00dclkemizde de kullan\u0131m\u0131 olduk\u00e7a yayg\u0131nd\u0131r.<br \/>\nEtlik pili\u00e7 \u00fcretiminde altl\u0131k olarak tala\u015f ve \u00e7eltik kavuzu gibi yan \u00fcr\u00fcnler kullan\u0131lmaktad\u0131r. Genellikle etlik pili\u00e7 yeti\u015ftiricili\u011fi yap\u0131lan b\u00f6lgelerde en kolay ve ucuza temin edilebilen yan \u00fcr\u00fcnler altl\u0131k olarak de\u011ferlendirilmektedir. Kullan\u0131lan altl\u0131\u011f\u0131n nem tutma \u00f6zelli\u011fi ve pH d\u00fczeyine ba\u011fl\u0131 olarak altl\u0131k materyalinin etlik pili\u00e7 performans\u0131n\u0131, karkas \u00f6zelliklerini ve k\u00fcmes i\u00e7i \u00e7evre ko\u015fullar\u0131n\u0131 etkilemektedir. Yap\u0131lan bilimsel ara\u015ft\u0131rmalar \u00e7eltik kavuzunun ideal bir altl\u0131k oldu\u011funu vurgulamaktad\u0131r.<\/p>\n<p>[\/vc_column_text][vc_empty_space alter_height=&#8221;medium&#8221; hide_on_desktop=&#8221;&#8221; hide_on_notebook=&#8221;&#8221; hide_on_tablet=&#8221;&#8221; hide_on_mobile=&#8221;&#8221;]<div class=\"sc_item_button sc_button_wrap sc_align_center\"><a href=\"https:\/\/www.celtikkavuzcusu.com\/index.php\/celtik-kabugu\/\" id=\"sc_button_848101754\" class=\"sc_button color_style_default sc_button_default sc_button_size_normal sc_button_icon_left\"><span class=\"sc_button_text\"><span class=\"sc_button_title\">Daha Fazlas\u0131<\/span><\/span><!-- \/.sc_button_text --><\/a><!-- \/.sc_button --><\/div><!-- \/.sc_item_button -->[\/vc_column][vc_column width=&#8221;1\/2&#8243;][vc_column_text]<\/p>\n<h5><strong>Birol Lojistik<\/strong><\/h5>\n<p>[\/vc_column_text][vc_empty_space height=&#8221;0&#8243; alter_height=&#8221;none&#8221; hide_on_desktop=&#8221;&#8221; hide_on_notebook=&#8221;&#8221; hide_on_tablet=&#8221;&#8221; hide_on_mobile=&#8221;&#8221; css=&#8221;.vc_custom_1516179218347{margin-top: 0rem !important;}&#8221;][vc_single_image image=&#8221;1135&#8243; img_size=&#8221;large&#8221; onclick=&#8221;custom_link&#8221; img_link_target=&#8221;_blank&#8221; link=&#8221;http:\/\/birollogistics.com.tr\/&#8221;][vc_single_image image=&#8221;1088&#8243; img_size=&#8221;631&#215;335&#8243;][vc_empty_space hide_on_desktop=&#8221;&#8221; hide_on_notebook=&#8221;&#8221; hide_on_tablet=&#8221;&#8221; hide_on_mobile=&#8221;&#8221; css=&#8221;.vc_custom_1516180231093{margin-bottom: 0.4rem !important;}&#8221;]<div  id=\"sc_action_1300113133\" \r\n\tclass=\"sc_action color_style_default sc_action_alter\"><div class=\"sc_action_content sc_item_content\"><div class=\"sc_action_item sc_action_item_alter with_image sc_action_item_mc\" style=\"background-image:url(https:\/\/www.celtikkavuzcusu.com\/wp-content\/uploads\/2017\/10\/bg-7.jpg);\">\r\n\t\t\t\t\t\t\t<div class=\"sc_action_item_mask\"><\/div>\r\n\t\t\t\t<div class=\"sc_action_item_inner\">\r\n\t\t\t\t<h6 class=\"sc_action_item_subtitle\"><span>En \u0130yi Fiyat !<\/span><\/h6><h3 class=\"sc_action_item_title\"><span>Sipari\u015f ve Detayl\u0131 Bilgi<\/span><\/h3><\/div><!-- \/.sc_action_item_inner --><a href=\"https:\/\/api.whatsapp.com\/send?phone=+905073661907&#038;text=Celtikkavuzcusu.com%20web%20sitesinden%20ula%C5%9F%C4%B1yorum.%20Detayl%C4%B1%20Bilgi%20Almak%20%C4%B0stiyorum.\" class=\"sc_action_item_link sc_action_item_link_over\"><\/a><\/div><\/div><\/div><!-- \/.sc_action -->[\/vc_column][\/vc_row][vc_row full_width=&#8221;stretch_row&#8221; equal_height=&#8221;yes&#8221; scheme=&#8221;dark&#8221; hide_bg_image_on_tablet=&#8221;&#8221; hide_bg_image_on_mobile=&#8221;1&#8243; css=&#8221;.vc_custom_1587730488664{background: #d0711c url(https:\/\/www.celtikkavuzcusu.com\/wp-content\/uploads\/2020\/04\/ortaanasayfa_1920x780.jpg?id=1091) !important;background-position: top center !important;background-repeat: no-repeat !important;background-size: cover !important;}&#8221;][vc_column width=&#8221;1\/2&#8243; hide_bg_image_on_tablet=&#8221;&#8221; hide_bg_image_on_mobile=&#8221;&#8221; css=&#8221;.vc_custom_1516185162690{padding-right: 6rem !important;background-size: cover !important;}&#8221;][vc_empty_space height=&#8221;10px&#8221; alter_height=&#8221;medium&#8221; hide_on_desktop=&#8221;&#8221; hide_on_notebook=&#8221;&#8221; hide_on_tablet=&#8221;&#8221; hide_on_mobile=&#8221;&#8221;][vc_tta_tabs style=&#8221;modern&#8221; spacing=&#8221;&#8221; active_section=&#8221;1&#8243;][vc_tta_section i_icon_fontawesome=&#8221;fas fa-truck&#8221; add_icon=&#8221;true&#8221; title=&#8221;Lojistik&#8221; tab_id=&#8221;1516184380230-19d470f9-a067&#8243;][vc_column_text]\u0130stanbul, \u0130zmit, Sakarya, D\u00fczce, Bolu, Zonguldak, Karab\u00fck, Bursa, Bilecik, K\u00fctahya, Eski\u015fehir, Ankara ve civar\u0131 di\u011fer \u015fehirlere firmam\u0131z b\u00fcnyesinde lojistik destek oluyoruz.[\/vc_column_text][\/vc_tta_section][vc_tta_section i_icon_fontawesome=&#8221;fas fa-box&#8221; add_icon=&#8221;true&#8221; title=&#8221;Stok ve Arz&#8221; tab_id=&#8221;1516184409808-d9f64b73-bb3d&#8221;][vc_column_text]\u00dcr\u00fcn\u00fcn \u00f6zellikle yaz aylar\u0131nda zor bulunmas\u0131 sebebiyle hasat d\u00f6nemi olan eyl\u00fcl ekim aylar\u0131nda gerekli stok yap\u0131lmak suretiyle 12 ay boyunca sorunsuz sevkiyat yap\u0131lmaktad\u0131r.[\/vc_column_text][\/vc_tta_section][vc_tta_section i_icon_fontawesome=&#8221;fas fa-wallet&#8221; add_icon=&#8221;true&#8221; title=&#8221;\u00d6deme&#8221; tab_id=&#8221;1516184418710-08a55210-130b&#8221;][vc_column_text]Cari hesap \u015feklinde sat\u0131\u015f\u0131m\u0131z bulunmamaktad\u0131r. \u00d6deme mal tesliminde nakit, kredi kart\u0131 yada banka \u00e7eki ile tahsil edilmektedir.[\/vc_column_text][\/vc_tta_section][\/vc_tta_tabs]<div role=\"form\" class=\"wpcf7\" id=\"wpcf7-f5-o1\" lang=\"en-US\" dir=\"ltr\">\n<div class=\"screen-reader-response\"><p role=\"status\" aria-live=\"polite\" aria-atomic=\"true\"><\/p> <ul><\/ul><\/div>\n<form action=\"\/index.php\/wp-json\/wp\/v2\/pages\/35#wpcf7-f5-o1\" method=\"post\" class=\"wpcf7-form init\" novalidate=\"novalidate\" data-status=\"init\">\n<div style=\"display: none;\">\n<input type=\"hidden\" name=\"_wpcf7\" value=\"5\" \/>\n<input type=\"hidden\" name=\"_wpcf7_version\" value=\"5.4\" \/>\n<input type=\"hidden\" name=\"_wpcf7_locale\" value=\"en_US\" \/>\n<input type=\"hidden\" name=\"_wpcf7_unit_tag\" value=\"wpcf7-f5-o1\" \/>\n<input type=\"hidden\" name=\"_wpcf7_container_post\" value=\"0\" \/>\n<input type=\"hidden\" name=\"_wpcf7_posted_data_hash\" value=\"\" \/>\n<\/div>\n<p>TEKL\u0130F \u0130STEY\u0130N<\/p>\n<div class=\"sc_form_details trx_addons_columns_wrap\">\n<div class=\"trx_addons_column-1_2\"><label class=\"wpcf7-validates-as-required\"><span class=\"wpcf7-form-control-wrap your-name\"><input type=\"text\" name=\"your-name\" value=\"\" size=\"40\" class=\"wpcf7-form-control wpcf7-text wpcf7-validates-as-required\" aria-required=\"true\" aria-invalid=\"false\" placeholder=\"\u0130sminiz*\" \/><\/span><\/label><\/div>\n<div class=\"trx_addons_column-1_2\"><label class=\"wpcf7-validates-as-required\"><span class=\"wpcf7-form-control-wrap text-849\"><input type=\"text\" name=\"text-849\" value=\"\" size=\"40\" class=\"wpcf7-form-control wpcf7-text wpcf7-validates-as-required\" aria-required=\"true\" aria-invalid=\"false\" placeholder=\"Telefon*\" \/><\/span><\/label><\/div>\n<div class=\"trx_addons_column-1\"><span class=\"wpcf7-form-control-wrap your-message\"><textarea name=\"your-message\" cols=\"40\" rows=\"7\" class=\"wpcf7-form-control wpcf7-textarea\" aria-invalid=\"false\" placeholder=\"Mesaj\u0131n\u0131z\"><\/textarea><\/span><\/div>\n<\/div>\n<div class=\"form-submit\"><input type=\"submit\" value=\"G\u00d6NDER\" class=\"wpcf7-form-control wpcf7-submit sc_button sc_button_size_normal\" \/><\/div>\n<div class=\"wpcf7-response-output\" aria-hidden=\"true\"><\/div><\/form><\/div>[\/vc_column][vc_column width=&#8221;1\/2&#8243;][vc_empty_space height=&#8221;46rem&#8221; alter_height=&#8221;none&#8221; hide_on_desktop=&#8221;&#8221; hide_on_notebook=&#8221;&#8221; hide_on_tablet=&#8221;&#8221; hide_on_mobile=&#8221;1&#8243; css=&#8221;.vc_custom_1516185632401{margin-bottom: 0rem !important;}&#8221;][\/vc_column][\/vc_row][vc_row full_width=&#8221;stretch_row_content&#8221; el_class=&#8221;equal-height&#8221;][vc_column][vc_single_image image=&#8221;1085&#8243; img_size=&#8221;549&#215;332&#8243; css=&#8221;.vc_custom_1587739161974{background-image: url(https:\/\/www.celtikkavuzcusu.com\/wp-content\/uploads\/2020\/04\/Pirin\u00e7-Kabu\u011fu-\u00c7eltik-kavuzu-sat\u0131\u015f\u0131-fiyat\u0131-sat\u0131c\u0131lar\u0131-Pirin\u00e7-Kabu\u011fu-\u00c7eltik-Kavuzu-rice-husk-hull-1-1024&#215;681-0003.jpg?id=1085) !important;background-position: center !important;background-repeat: no-repeat !important;background-size: cover !important;}&#8221;][vc_single_image image=&#8221;1093&#8243; img_size=&#8221;332&#215;332&#8243; css=&#8221;.vc_custom_1587739175756{background-image: url(https:\/\/www.celtikkavuzcusu.com\/wp-content\/uploads\/2020\/04\/a222.jpg?id=1093) !important;background-position: center !important;background-repeat: no-repeat !important;background-size: cover !important;}&#8221;]<div id=\"sc_content_824445448\"\r\n\t\tclass=\"sc_content color_style_default sc_content_default sc_content_width_100p sc_float_center  vc_custom_1587738838329\"><div class=\"sc_content_container\"><div  id=\"sc_action_97024845\" \n\tclass=\"sc_action color_style_default sc_action_simple  vc_custom_1587738957358\"><h5 class=\"sc_item_title sc_action_title sc_align_left sc_item_title_style_default sc_item_title_tag\">\u00c7eltik Kabu\u011fu K\u00fcl\u00fc<\/h5><div class=\"sc_item_descr sc_action_descr sc_align_left\"><p>Ayr\u0131ca Metalurji sekt\u00f6r\u00fcnde, demir \u00e7elik tesislerinde ve d\u00f6k\u00fcm fabrikalar\u0131nda so\u011futma i\u015flemlerinde kullan\u0131l\u0131r. \u00c7eltik kabu\u011funun yak\u0131lmas\u0131ndan d\u00fc\u015f\u00fck karbonlu ve y\u00fcksek silisyumlu k\u00fcl elde edilir. Bu s\u0131f\u0131r karbonlu k\u00fcl\u00fcn bu alanda kullan\u0131lmas\u0131yla s\u0131v\u0131 \u00e7eli\u011fin hava almadan kal\u0131plar\u0131na konularak \u00fcretimi ger\u00e7ekle\u015fmektedir.<\/p>\n<\/div><div class=\"sc_action_content sc_item_content\"><div class=\"sc_action_item sc_action_item_simple sc_action_item_mc\">\n\t\t\t<\/div><\/div><\/div><!-- \/.sc_action --><\/div><\/div><!-- \/.sc_content -->[\/vc_column][\/vc_row][vc_row full_width=&#8221;stretch_row_content&#8221; equal_height=&#8221;yes&#8221; content_placement=&#8221;bottom&#8221;][vc_column][vc_empty_space alter_height=&#8221;small&#8221; hide_on_desktop=&#8221;&#8221; hide_on_notebook=&#8221;&#8221; hide_on_tablet=&#8221;&#8221; hide_on_mobile=&#8221;&#8221;][\/vc_column][\/vc_row]<\/p>\n","protected":false},"excerpt":{"rendered":"<p>[vc_row][vc_column][rev_slider alias=&#8221;slider-1&#8243;][\/vc_column][\/vc_row][vc_row full_width=&#8221;stretch_row&#8221; equal_height=&#8221;yes&#8221; content_placement=&#8221;middle&#8221; hide_bg_image_on_tablet=&#8221;&#8221; hide_bg_image_on_mobile=&#8221;&#8221; css=&#8221;.vc_custom_1516182222210{background-image: url(https:\/\/www.celtikkavuzcusu.com\/wp-content\/uploads\/2018\/01\/biege-bg.png?id=561) !important;background-position: top left !important;background-repeat: no-repeat !important;background-size: cover !important;}&#8221;][vc_column][vc_empty_space alter_height=&#8221;large&#8221; hide_on_desktop=&#8221;&#8221; hide_on_notebook=&#8221;&#8221; hide_on_tablet=&#8221;&#8221; hide_on_mobile=&#8221;&#8221;][\/vc_column][vc_column width=&#8221;1\/2&#8243; hide_bg_image_on_tablet=&#8221;&#8221; hide_bg_image_on_mobile=&#8221;&#8221; css=&#8221;.vc_custom_1516179447711{padding-right: 7rem !important;}&#8221;][vc_empty_space height=&#8221;0&#8243; alter_height=&#8221;none&#8221;&hellip;<\/p>\n","protected":false},"author":1,"featured_media":0,"parent":0,"menu_order":0,"comment_status":"closed","ping_status":"closed","template":"","meta":[],"_links":{"self":[{"href":"https:\/\/www.celtikkavuzcusu.com\/index.php\/wp-json\/wp\/v2\/pages\/35"}],"collection":[{"href":"https:\/\/www.celtikkavuzcusu.com\/index.php\/wp-json\/wp\/v2\/pages"}],"about":[{"href":"https:\/\/www.celtikkavuzcusu.com\/index.php\/wp-json\/wp\/v2\/types\/page"}],"author":[{"embeddable":true,"href":"https:\/\/www.celtikkavuzcusu.com\/index.php\/wp-json\/wp\/v2\/users\/1"}],"replies":[{"embeddable":true,"href":"https:\/\/www.celtikkavuzcusu.com\/index.php\/wp-json\/wp\/v2\/comments?post=35"}],"version-history":[{"count":10,"href":"https:\/\/www.celtikkavuzcusu.com\/index.php\/wp-json\/wp\/v2\/pages\/35\/revisions"}],"predecessor-version":[{"id":1144,"href":"https:\/\/www.celtikkavuzcusu.com\/index.php\/wp-json\/wp\/v2\/pages\/35\/revisions\/1144"}],"wp:attachment":[{"href":"https:\/\/www.celtikkavuzcusu.com\/index.php\/wp-json\/wp\/v2\/media?parent=35"}],"curies":[{"name":"wp","href":"https:\/\/api.w.org\/{rel}","templated":true}]}}